{"id":1946,"date":"2016-02-24T11:23:06","date_gmt":"2016-02-24T16:23:06","guid":{"rendered":"http:\/\/apned.info\/en\/conferences-precedentes"},"modified":"2016-02-24T11:27:45","modified_gmt":"2016-02-24T16:27:45","slug":"previous-conferences","status":"publish","type":"page","link":"https:\/\/apned.info\/en\/previous-conferences","title":{"rendered":"Previous conferences"},"content":{"rendered":"[vc_row type=&#8221;full_width_content&#8221; scene_position=&#8221;center&#8221; text_color=&#8221;dark&#8221; text_align=&#8221;left&#8221; class=&#8221;enteteImage&#8221;][vc_column column_padding=&#8221;no-extra-padding&#8221; column_padding_position=&#8221;all&#8221; background_color_opacity=&#8221;1&#8243; background_hover_color_opacity=&#8221;1&#8243; width=&#8221;1\/1&#8243;][image_with_animation image_url=&#8221;512&#8243; alignment=&#8221;center&#8221; animation=&#8221;Fade In&#8221;][heading]Previous conferences[\/heading][\/vc_column][\/vc_row][vc_row type=&#8221;in_container&#8221; scene_position=&#8221;center&#8221; text_color=&#8221;dark&#8221; text_align=&#8221;left&#8221;][vc_column column_padding=&#8221;no-extra-padding&#8221; column_padding_position=&#8221;all&#8221; background_color_opacity=&#8221;1&#8243; background_hover_color_opacity=&#8221;1&#8243; width=&#8221;1\/1&#8243;][vc_column_text el_class=&#8221;wcListCateg&#8221;]<div class=\"woocommerce columns-4 \">\n  <ul class=\"products columns-4\" data-n-lazy=\"off\" data-rm-m-hover=\"off\" data-n-desktop-columns=\"4\" data-n-desktop-small-columns=\"3\" data-n-tablet-columns=\"default\" data-n-phone-columns=\"default\" data-product-style=\"classic\">\n\n\n\n\t<li class=\"classic product type-product post-7101 status-publish first instock product_cat-formation-en product_cat-previous-conferences has-post-thumbnail downloadable shipping-taxable purchasable product-type-simple\" >\n\n\n\t\n\n\t\t\t   <div class=\"product-wrap\">\n\t\t\t<a href=\"https:\/\/apned.info\/en\/produit\/webinaire-de-la-formation-15-mars-2018-quand-lalimentation-ne-tient-qua-un-fil\" aria-label=\"15 mars 2018 - Webinaire de la formation - Quand l&#039;alimentation ne tient qu&#039;\u00e0 un fil!\"><img loading=\"lazy\" decoding=\"async\" width=\"375\" height=\"400\" src=\"https:\/\/apned.info\/wp-content\/uploads\/2018\/01\/Apned-formation-2018-4-375x400.jpg\" class=\"attachment-woocommerce_thumbnail size-woocommerce_thumbnail\" alt=\"\" \/><\/a>\n\t\t\t<div class=\"product-add-to-cart\" data-nectar-quickview=\"false\"><a href=\"?add-to-cart=7101\" data-quantity=\"1\" class=\"button product_type_simple add_to_cart_button ajax_add_to_cart\" data-product_id=\"7101\" data-product_sku=\"\" aria-label=\"Add to cart: &ldquo;15 mars 2018 - Webinaire de la formation - Quand l&#039;alimentation ne tient qu&#039;\u00e0 un fil!&rdquo;\" rel=\"nofollow\">Add to cart<\/a><\/div>\t\t   <\/div>\n\t\t\t\t\n\t  \n\n\t\t<h2 class=\"woocommerce-loop-product__title\">15 mars 2018 &#8211; Webinaire de la formation &#8211; Quand l&#8217;alimentation ne tient qu&#8217;\u00e0 un fil!<\/h2><a href=\"https:\/\/apned.info\/en\/produit\/webinaire-de-la-formation-15-mars-2018-quand-lalimentation-ne-tient-qua-un-fil?return_url=%2F%2Fapned.info%2Fen%2Fwp-json%2Fwp%2Fv2%2Fpages%2F1946\">Buy this product<\/a>\n\t<span class=\"price\"><span class=\"woocommerce-Price-amount amount\"><bdi><span class=\"woocommerce-Price-currencySymbol\">&#36;<\/span>120.00<\/bdi><\/span><\/span>\n\n\t\n\n\t\n<\/li>\n\t<li class=\"classic product type-product post-3515 status-publish outofstock product_cat-previous-conferences has-post-thumbnail sale downloadable virtual purchasable product-type-simple\" >\n\n\n\t\n\n\t\t\n\t<span class=\"onsale\">Sale!<\/span>\n\t\t   <div class=\"product-wrap\">\n\t\t\t<a href=\"https:\/\/apned.info\/en\/produit\/conference-annuelle-16-juin-2017-textures-regulieres-et-adaptees-les-comprendre-et-les-evaluer\" aria-label=\"16 juin 2017 - Conf\u00e9rence Annuelle - Textures R\u00e9guli\u00e8res et Adapt\u00e9es - Les Comprendre et les \u00c9valuer\"><img loading=\"lazy\" decoding=\"async\" width=\"375\" height=\"400\" src=\"https:\/\/apned.info\/wp-content\/uploads\/2017\/04\/formation-2017-375x400.jpg\" class=\"attachment-woocommerce_thumbnail size-woocommerce_thumbnail\" alt=\"\" \/><\/a>\n\t\t\t<div class=\"product-add-to-cart\" data-nectar-quickview=\"false\"><a href=\"https:\/\/apned.info\/en\/produit\/conference-annuelle-16-juin-2017-textures-regulieres-et-adaptees-les-comprendre-et-les-evaluer\" data-quantity=\"1\" class=\"button product_type_simple\" data-product_id=\"3515\" data-product_sku=\"\" aria-label=\"Read more about &ldquo;16 juin 2017 - Conf\u00e9rence Annuelle - Textures R\u00e9guli\u00e8res et Adapt\u00e9es - Les Comprendre et les \u00c9valuer&rdquo;\" rel=\"nofollow\">Read more<\/a><\/div>\t\t   <\/div>\n\t\t\t\t\n\t  \n\n\t\t<h2 class=\"woocommerce-loop-product__title\">16 juin 2017 &#8211; Conf\u00e9rence Annuelle &#8211; Textures R\u00e9guli\u00e8res et Adapt\u00e9es &#8211; Les Comprendre et les \u00c9valuer<\/h2><a href=\"https:\/\/apned.info\/en\/produit\/conference-annuelle-16-juin-2017-textures-regulieres-et-adaptees-les-comprendre-et-les-evaluer?return_url=%2F%2Fapned.info%2Fen%2Fwp-json%2Fwp%2Fv2%2Fpages%2F1946\">Buy this product<\/a>\n\t<span class=\"price\"><del aria-hidden=\"true\"><span class=\"woocommerce-Price-amount amount\"><bdi><span class=\"woocommerce-Price-currencySymbol\">&#36;<\/span>250.00<\/bdi><\/span><\/del> <span class=\"screen-reader-text\">Original price was: &#036;250.00.<\/span><ins aria-hidden=\"true\"><span class=\"woocommerce-Price-amount amount\"><bdi><span class=\"woocommerce-Price-currencySymbol\">&#36;<\/span>115.00<\/bdi><\/span><\/ins><span class=\"screen-reader-text\">Current price is: &#036;115.00.<\/span><\/span>\n\n\t\n\n\t\n<\/li>\n\t<li class=\"classic product type-product post-2985 status-publish instock product_cat-previous-conferences product_cat-webinaire-en has-post-thumbnail downloadable sold-individually shipping-taxable purchasable product-type-simple\" >\n\n\n\t\n\n\t\t\t   <div class=\"product-wrap\">\n\t\t\t<a href=\"https:\/\/apned.info\/en\/produit\/webinaire-de-la-conference-annuelle-5-novembre-2016\" aria-label=\"5 novembre 2016 - Webinaire de la Conf\u00e9rence Annuelle\"><img loading=\"lazy\" decoding=\"async\" width=\"320\" height=\"400\" src=\"https:\/\/apned.info\/wp-content\/uploads\/2016\/05\/vignette-320x400.jpg\" class=\"attachment-woocommerce_thumbnail size-woocommerce_thumbnail\" alt=\"\" \/><\/a>\n\t\t\t<div class=\"product-add-to-cart\" data-nectar-quickview=\"false\"><a href=\"?add-to-cart=2985\" data-quantity=\"1\" class=\"button product_type_simple add_to_cart_button ajax_add_to_cart\" data-product_id=\"2985\" data-product_sku=\"\" aria-label=\"Add to cart: &ldquo;5 novembre 2016 - Webinaire de la Conf\u00e9rence Annuelle&rdquo;\" rel=\"nofollow\">Add to cart<\/a><\/div>\t\t   <\/div>\n\t\t\t\t\n\t  \n\n\t\t<h2 class=\"woocommerce-loop-product__title\">5 novembre 2016 &#8211; Webinaire de la Conf\u00e9rence Annuelle<\/h2><a href=\"https:\/\/apned.info\/en\/produit\/webinaire-de-la-conference-annuelle-5-novembre-2016?return_url=%2F%2Fapned.info%2Fen%2Fwp-json%2Fwp%2Fv2%2Fpages%2F1946\">Buy this product<\/a>\n\t<span class=\"price\"><span class=\"woocommerce-Price-amount amount\"><bdi><span class=\"woocommerce-Price-currencySymbol\">&#36;<\/span>100.00<\/bdi><\/span><\/span>\n\n\t\n\n\t\n<\/li>\n\t<li class=\"classic product type-product post-1949 status-publish last instock product_cat-previous-conferences shipping-taxable purchasable product-type-simple\" >\n\n\n\t\n\n\t\t\t   <div class=\"product-wrap\">\n\t\t\t<a href=\"https:\/\/apned.info\/en\/produit\/conference-2015\" aria-label=\"Conference 2015\"><img loading=\"lazy\" decoding=\"async\" width=\"375\" height=\"400\" src=\"https:\/\/apned.info\/wp-content\/uploads\/woocommerce-placeholder-375x400.png\" class=\"woocommerce-placeholder wp-post-image\" alt=\"Placeholder\" \/><\/a>\n\t\t\t<div class=\"product-add-to-cart\" data-nectar-quickview=\"false\"><a href=\"?add-to-cart=1949\" data-quantity=\"1\" class=\"button product_type_simple add_to_cart_button ajax_add_to_cart\" data-product_id=\"1949\" data-product_sku=\"\" aria-label=\"Add to cart: &ldquo;Conference 2015&rdquo;\" rel=\"nofollow\">Add to cart<\/a><\/div>\t\t   <\/div>\n\t\t\t\t\n\t  \n\n\t\t<h2 class=\"woocommerce-loop-product__title\">Conference 2015<\/h2><a href=\"https:\/\/apned.info\/en\/produit\/conference-2015?return_url=%2F%2Fapned.info%2Fen%2Fwp-json%2Fwp%2Fv2%2Fpages%2F1946\">Buy this product<\/a>\n\t<span class=\"price\"><span class=\"woocommerce-Price-amount amount\"><bdi><span class=\"woocommerce-Price-currencySymbol\">&#36;<\/span>40.00<\/bdi><\/span><\/span>\n\n\t\n\n\t\n<\/li>\n\t<li class=\"classic product type-product post-4287 status-publish first instock product_cat-formation-en product_cat-previous-conferences has-post-thumbnail downloadable shipping-taxable purchasable product-type-simple\" >\n\n\n\t\n\n\t\t\t   <div class=\"product-wrap\">\n\t\t\t<a href=\"https:\/\/apned.info\/en\/produit\/webinaire-de-la-formation-15-mars-2018-quand-lalimentation-ne-tient-qua-un-fil\" aria-label=\"Webinaire de la formation 15 mars 2018 - Quand l&#039;alimentation ne tient qu&#039;\u00e0 un fil!\"><img loading=\"lazy\" decoding=\"async\" width=\"375\" height=\"400\" src=\"https:\/\/apned.info\/wp-content\/uploads\/2018\/01\/Apned-formation-2018-4-375x400.jpg\" class=\"attachment-woocommerce_thumbnail size-woocommerce_thumbnail\" alt=\"\" \/><\/a>\n\t\t\t<div class=\"product-add-to-cart\" data-nectar-quickview=\"false\"><a href=\"?add-to-cart=4287\" data-quantity=\"1\" class=\"button product_type_simple add_to_cart_button ajax_add_to_cart\" data-product_id=\"4287\" data-product_sku=\"\" aria-label=\"Add to cart: &ldquo;Webinaire de la formation 15 mars 2018 - Quand l&#039;alimentation ne tient qu&#039;\u00e0 un fil!&rdquo;\" rel=\"nofollow\">Add to cart<\/a><\/div>\t\t   <\/div>\n\t\t\t\t\n\t  \n\n\t\t<h2 class=\"woocommerce-loop-product__title\">Webinaire de la formation 15 mars 2018 &#8211; Quand l&#8217;alimentation ne tient qu&#8217;\u00e0 un fil!<\/h2><a href=\"https:\/\/apned.info\/en\/produit\/webinaire-de-la-formation-15-mars-2018-quand-lalimentation-ne-tient-qua-un-fil?return_url=%2F%2Fapned.info%2Fen%2Fwp-json%2Fwp%2Fv2%2Fpages%2F1946\">Buy this product<\/a>\n\t<span class=\"price\"><span class=\"woocommerce-Price-amount amount\"><bdi><span class=\"woocommerce-Price-currencySymbol\">&#36;<\/span>120.00<\/bdi><\/span><\/span>\n\n\t\n\n\t\n<\/li><\/ul>\n<\/div>[\/vc_column_text][\/vc_column][\/vc_row]\n","protected":false},"excerpt":{"rendered":"<p>[vc_row type=&#8221;full_width_content&#8221; scene_position=&#8221;center&#8221; text_color=&#8221;dark&#8221; text_align=&#8221;left&#8221; class=&#8221;enteteImage&#8221;][vc_column column_padding=&#8221;no-extra-padding&#8221; column_padding_position=&#8221;all&#8221; background_color_opacity=&#8221;1&#8243; background_hover_color_opacity=&#8221;1&#8243; width=&#8221;1\/1&#8243;][image_with_animation image_url=&#8221;512&#8243; alignment=&#8221;center&#8221; animation=&#8221;Fade In&#8221;][heading]Previous conferences[\/heading][\/vc_column][\/vc_row][vc_row type=&#8221;in_container&#8221; scene_position=&#8221;center&#8221; text_color=&#8221;dark&#8221; text_align=&#8221;left&#8221;][vc_column column_padding=&#8221;no-extra-padding&#8221; column_padding_position=&#8221;all&#8221; background_color_opacity=&#8221;1&#8243; background_hover_color_opacity=&#8221;1&#8243; width=&#8221;1\/1&#8243;][vc_column_text el_class=&#8221;wcListCateg&#8221;][\/vc_column_text][\/vc_column][\/vc_row]<\/p>\n","protected":false},"author":1,"featured_media":0,"parent":0,"menu_order":0,"comment_status":"closed","ping_status":"closed","template":"","meta":{"_acf_changed":false,"footnotes":""},"class_list":["post-1946","page","type-page","status-publish"],"acf":[],"_links":{"self":[{"href":"https:\/\/apned.info\/en\/wp-json\/wp\/v2\/pages\/1946","targetHints":{"allow":["GET"]}}],"collection":[{"href":"https:\/\/apned.info\/en\/wp-json\/wp\/v2\/pages"}],"about":[{"href":"https:\/\/apned.info\/en\/wp-json\/wp\/v2\/types\/page"}],"author":[{"embeddable":true,"href":"https:\/\/apned.info\/en\/wp-json\/wp\/v2\/users\/1"}],"replies":[{"embeddable":true,"href":"https:\/\/apned.info\/en\/wp-json\/wp\/v2\/comments?post=1946"}],"version-history":[{"count":2,"href":"https:\/\/apned.info\/en\/wp-json\/wp\/v2\/pages\/1946\/revisions"}],"predecessor-version":[{"id":1947,"href":"https:\/\/apned.info\/en\/wp-json\/wp\/v2\/pages\/1946\/revisions\/1947"}],"wp:attachment":[{"href":"https:\/\/apned.info\/en\/wp-json\/wp\/v2\/media?parent=1946"}],"curies":[{"name":"wp","href":"https:\/\/api.w.org\/{rel}","templated":true}]}}