{"id":424,"date":"2015-11-06T17:49:50","date_gmt":"2015-11-06T16:49:50","guid":{"rendered":"http:\/\/apned.info\/liens-utiles-2\/"},"modified":"2015-11-23T16:16:35","modified_gmt":"2015-11-23T21:16:35","slug":"liens-utiles","status":"publish","type":"page","link":"https:\/\/apned.info\/en\/liens-utiles","title":{"rendered":"Interesting links"},"content":{"rendered":"[vc_row type=&#8221;full_width_content&#8221; scene_position=&#8221;center&#8221; text_color=&#8221;dark&#8221; text_align=&#8221;left&#8221; class=&#8221;enteteImage&#8221;][vc_column column_padding=&#8221;no-extra-padding&#8221; column_padding_position=&#8221;all&#8221; background_color_opacity=&#8221;1&#8243; background_hover_color_opacity=&#8221;1&#8243; width=&#8221;1\/1&#8243;][image_with_animation image_url=&#8221;186&#8243; alignment=&#8221;center&#8221; animation=&#8221;Fade In&#8221;][heading]Interesting links[\/heading][\/vc_column][\/vc_row][vc_row type=&#8221;in_container&#8221; scene_position=&#8221;center&#8221; text_color=&#8221;dark&#8221; text_align=&#8221;left&#8221; class=&#8221;smallTitles txtGrayLight&#8221;][vc_column column_padding=&#8221;no-extra-padding&#8221; column_padding_position=&#8221;all&#8221; background_color_opacity=&#8221;1&#8243; background_hover_color_opacity=&#8221;1&#8243; width=&#8221;1\/1&#8243;][toggles][toggle color=&#8221;Extra-Color-2&#8243; title=&#8221;Professional organizations&#8221;][vc_column_text]Ordre professionnel des di\u00e9t\u00e9tistes du Qu\u00e9bec (OPDQ) (website in french)<\/p>\n<ul>\n<li><a href=\"http:\/\/www.opdq.org\" target=\"_blank\">www.opdq.org<\/a><\/li>\n<\/ul>\n<p>Association des nutritionnistes cliniciens du Qu\u00e9bec (website in french)<\/p>\n<ul>\n<li><a href=\"http:\/\/www.ancq.org\" target=\"_blank\">www.ancq.org<\/a><\/li>\n<\/ul>\n<p>Dietitians of Canada\/ Les di\u00e9t\u00e9tistes du Canada (website in English and French)<\/p>\n<ul>\n<li><a href=\"http:\/\/www.dietitans.ca\" target=\"_blank\">www.dietitans.ca<\/a><\/li>\n<\/ul>\n<p>Academy of Nutrition and Dietetics (formerly known as American dietetic association) (website in English)<\/p>\n<ul>\n<li><a href=\"http:\/\/www.eatright.org\" target=\"_blank\">www.eatright.org<\/a><\/li>\n<\/ul>\n[\/vc_column_text][\/toggle][toggle color=&#8221;Extra-Color-1&#8243; title=&#8221;Associations&#8221;][vc_column_text]Heart and Stroke foundation (English &amp; french websites)<\/p>\n<ul>\n<li><a href=\"http:\/\/www.fmcoeur.ca\" target=\"_blank\">www.fmcoeur.ca<\/a><\/li>\n<\/ul>\n<p>Canadian cancer society\/Soci\u00e9t\u00e9 canadienne du cancer (bilingual website)<\/p>\n<ul>\n<li><a href=\"http:\/\/www.cancer.ca\" target=\"_blank\">www.cancer.ca<\/a><\/li>\n<\/ul>\n<p>Parkinson Society Canada\/Soci\u00e9t\u00e9 canadienne du Parkinson (bilingual website)<\/p>\n<ul>\n<li><a href=\"http:\/\/www.parkinson.ca\" target=\"_blank\">www.parkinson.ca<\/a><\/li>\n<\/ul>\n<p>ALS Society of Canada\/Soci\u00e9t\u00e9 Canadienne de la SLA (bilingual website)<\/p>\n<ul>\n<li><a href=\"http:\/\/www.als.ca\" target=\"_blank\">www.als.ca<\/a><\/li>\n<\/ul>\n<p>Amyotrophic Lateral Sclerosis Society of Quebec\/Soci\u00e9t\u00e9 de la Scl\u00e9rose Lat\u00e9rale Amyotrophique du Qu\u00e9bec (bilingual website)<\/p>\n<ul>\n<li><a href=\"http:\/\/www.sla-quebec.ca\" target=\"_blank\">www.sla-quebec.ca<\/a><\/li>\n<\/ul>\n[\/vc_column_text][\/toggle][toggle color=&#8221;Extra-Color-3&#8243; title=&#8221;Food related resources&#8221;][vc_column_text]Prophagia inc. Creator, producer and distributor of Epikura foods<\/p>\n<ul>\n<li><a href=\"http:\/\/www.epikura.ca\" target=\"_blank\">www.epikura.ca<\/a><\/li>\n<\/ul>\n<p>Televised episode from the Soci\u00e9t\u00e9 Radio-Canada. Presentation of formed foods included on the menu for dysphagic residents of the Ste-Anne\u2019s Veteran\u2019s Hospital. The formed foods shown were the precursors to the Epikura products. To view this report, click on the following link:<\/p>\n<ul>\n<li><a href=\"http:\/\/www.radio-canada.ca\" target=\"_blank\">www.radio-canada.ca<\/a><\/li>\n<\/ul>\n[\/vc_column_text][\/toggle][\/toggles][\/vc_column][\/vc_row]\n","protected":false},"excerpt":{"rendered":"<p>[vc_row type=&#8221;full_width_content&#8221; scene_position=&#8221;center&#8221; text_color=&#8221;dark&#8221; text_align=&#8221;left&#8221; class=&#8221;enteteImage&#8221;][vc_column column_padding=&#8221;no-extra-padding&#8221; column_padding_position=&#8221;all&#8221; background_color_opacity=&#8221;1&#8243; background_hover_color_opacity=&#8221;1&#8243; width=&#8221;1\/1&#8243;][image_with_animation image_url=&#8221;186&#8243; alignment=&#8221;center&#8221; animation=&#8221;Fade In&#8221;][heading]Interesting links[\/heading][\/vc_column][\/vc_row][vc_row type=&#8221;in_container&#8221; scene_position=&#8221;center&#8221; text_color=&#8221;dark&#8221; text_align=&#8221;left&#8221; class=&#8221;smallTitles txtGrayLight&#8221;][vc_column column_padding=&#8221;no-extra-padding&#8221; column_padding_position=&#8221;all&#8221; background_color_opacity=&#8221;1&#8243; background_hover_color_opacity=&#8221;1&#8243; width=&#8221;1\/1&#8243;][toggles][toggle color=&#8221;Extra-Color-2&#8243; title=&#8221;Professional organizations&#8221;][vc_column_text]Ordre&#8230;<\/p>\n","protected":false},"author":1,"featured_media":0,"parent":0,"menu_order":160,"comment_status":"closed","ping_status":"closed","template":"","meta":{"_acf_changed":false,"footnotes":""},"class_list":["post-424","page","type-page","status-publish"],"acf":[],"_links":{"self":[{"href":"https:\/\/apned.info\/en\/wp-json\/wp\/v2\/pages\/424","targetHints":{"allow":["GET"]}}],"collection":[{"href":"https:\/\/apned.info\/en\/wp-json\/wp\/v2\/pages"}],"about":[{"href":"https:\/\/apned.info\/en\/wp-json\/wp\/v2\/types\/page"}],"author":[{"embeddable":true,"href":"https:\/\/apned.info\/en\/wp-json\/wp\/v2\/users\/1"}],"replies":[{"embeddable":true,"href":"https:\/\/apned.info\/en\/wp-json\/wp\/v2\/comments?post=424"}],"version-history":[{"count":2,"href":"https:\/\/apned.info\/en\/wp-json\/wp\/v2\/pages\/424\/revisions"}],"predecessor-version":[{"id":426,"href":"https:\/\/apned.info\/en\/wp-json\/wp\/v2\/pages\/424\/revisions\/426"}],"wp:attachment":[{"href":"https:\/\/apned.info\/en\/wp-json\/wp\/v2\/media?parent=424"}],"curies":[{"name":"wp","href":"https:\/\/api.w.org\/{rel}","templated":true}]}}