{"id":1435,"date":"2015-12-23T10:01:41","date_gmt":"2015-12-23T15:01:41","guid":{"rendered":"\/en\/product\/webinaire"},"modified":"2016-02-10T14:44:43","modified_gmt":"2016-02-10T19:44:43","slug":"webinaire","status":"publish","type":"product","link":"https:\/\/apned.info\/en\/produit\/webinaire","title":{"rendered":"CONF\u00c9RENCE ANNUELLE DE L\u2019APNED"},"content":{"rendered":"<p>Depuis 2004, l\u2019APNED offre des formations continues \u00e0 ses membres o\u00f9 les th\u00e8mes abord\u00e9s sont choisis en fonction de leur demandes.<\/p>\n","protected":false},"excerpt":{"rendered":"<p>Depuis 2004, l\u2019APNED offre des formations continues \u00e0 ses membres o\u00f9 les th\u00e8mes abord\u00e9s sont choisis en fonction de leur demandes.<\/p>\n","protected":false},"featured_media":0,"comment_status":"closed","ping_status":"closed","template":"","meta":{"_acf_changed":false},"product_cat":[31],"product_tag":[],"class_list":{"0":"post-1435","1":"product","2":"type-product","3":"status-publish","5":"product_cat-conference","7":"first","8":"instock","9":"sold-individually","10":"shipping-taxable","11":"purchasable","12":"product-type-variable"},"acf":[],"_links":{"self":[{"href":"https:\/\/apned.info\/en\/wp-json\/wp\/v2\/product\/1435","targetHints":{"allow":["GET"]}}],"collection":[{"href":"https:\/\/apned.info\/en\/wp-json\/wp\/v2\/product"}],"about":[{"href":"https:\/\/apned.info\/en\/wp-json\/wp\/v2\/types\/product"}],"replies":[{"embeddable":true,"href":"https:\/\/apned.info\/en\/wp-json\/wp\/v2\/comments?post=1435"}],"wp:attachment":[{"href":"https:\/\/apned.info\/en\/wp-json\/wp\/v2\/media?parent=1435"}],"wp:term":[{"taxonomy":"product_cat","embeddable":true,"href":"https:\/\/apned.info\/en\/wp-json\/wp\/v2\/product_cat?post=1435"},{"taxonomy":"product_tag","embeddable":true,"href":"https:\/\/apned.info\/en\/wp-json\/wp\/v2\/product_tag?post=1435"}],"curies":[{"name":"wp","href":"https:\/\/api.w.org\/{rel}","templated":true}]}}