{"id":3515,"date":"2017-04-24T09:26:46","date_gmt":"2017-04-24T13:26:46","guid":{"rendered":"http:\/\/apned.info\/en\/?post_type=product&#038;p=3515"},"modified":"2022-03-25T10:42:43","modified_gmt":"2022-03-25T14:42:43","slug":"conference-annuelle-16-juin-2017-textures-regulieres-et-adaptees-les-comprendre-et-les-evaluer","status":"publish","type":"product","link":"https:\/\/apned.info\/en\/produit\/conference-annuelle-16-juin-2017-textures-regulieres-et-adaptees-les-comprendre-et-les-evaluer","title":{"rendered":"16 juin 2017 &#8211; Conf\u00e9rence Annuelle &#8211; Textures R\u00e9guli\u00e8res et Adapt\u00e9es &#8211; Les Comprendre et les \u00c9valuer"},"content":{"rendered":"<p>Profitez du prix r\u00e9servez t\u00f4t &#8211; $115 avant le 31 mai minuit<\/p>\n<p>Prix \u00e0 partir du 1 juin &#8211; $250<\/p>\n","protected":false},"excerpt":{"rendered":"<p><a href=\"http:\/\/apned.info\/wp-content\/uploads\/2017\/04\/formation-juin-2017.pdf\" rel=\"\">formation juin 2017<\/a><\/p>\n<p>&nbsp;<\/p>\n<p>Une formation destin\u00e9e aux gestionnaires, techniciennes, cuisiniers et nutritionistes pour bien comprendre et \u00e9valuer les textures adapt\u00e9es.<\/p>\n<p>Une occasion unique de rencontrer vos coll\u00e8gues, de partager vos enjeux et de cr\u00e9er des liens.<\/p>\n","protected":false},"featured_media":3581,"comment_status":"closed","ping_status":"closed","template":"","meta":{"_acf_changed":false},"product_cat":[33],"product_tag":[],"class_list":{"0":"post-3515","1":"product","2":"type-product","3":"status-publish","4":"has-post-thumbnail","6":"product_cat-previous-conferences","8":"first","9":"outofstock","10":"sale","11":"downloadable","12":"virtual","13":"purchasable","14":"product-type-simple"},"acf":[],"_links":{"self":[{"href":"https:\/\/apned.info\/en\/wp-json\/wp\/v2\/product\/3515","targetHints":{"allow":["GET"]}}],"collection":[{"href":"https:\/\/apned.info\/en\/wp-json\/wp\/v2\/product"}],"about":[{"href":"https:\/\/apned.info\/en\/wp-json\/wp\/v2\/types\/product"}],"replies":[{"embeddable":true,"href":"https:\/\/apned.info\/en\/wp-json\/wp\/v2\/comments?post=3515"}],"wp:featuredmedia":[{"embeddable":true,"href":"https:\/\/apned.info\/en\/wp-json\/wp\/v2\/media\/3581"}],"wp:attachment":[{"href":"https:\/\/apned.info\/en\/wp-json\/wp\/v2\/media?parent=3515"}],"wp:term":[{"taxonomy":"product_cat","embeddable":true,"href":"https:\/\/apned.info\/en\/wp-json\/wp\/v2\/product_cat?post=3515"},{"taxonomy":"product_tag","embeddable":true,"href":"https:\/\/apned.info\/en\/wp-json\/wp\/v2\/product_tag?post=3515"}],"curies":[{"name":"wp","href":"https:\/\/api.w.org\/{rel}","templated":true}]}}