{"id":3691,"date":"2017-08-17T16:06:07","date_gmt":"2017-08-17T20:06:07","guid":{"rendered":"http:\/\/apned.info\/en\/?post_type=product&#038;p=3691"},"modified":"2022-03-25T10:36:07","modified_gmt":"2022-03-25T14:36:07","slug":"acuite-sensorielle-et-vieillissement-12h00-a-13h00-suivi-de-laga-19-septembre-2017","status":"publish","type":"product","link":"https:\/\/apned.info\/en\/produit\/acuite-sensorielle-et-vieillissement-12h00-a-13h00-suivi-de-laga-19-septembre-2017","title":{"rendered":"19 septembre 2017 &#8211; Acuit\u00e9 sensorielle et vieillissement (12h00 \u00e0 13h00) suivi de l&#8217;AGA"},"content":{"rendered":"<p>Conf\u00e9renci\u00e8re: Dr. Louise Thibault<\/p>\n<p>La conf\u00e9rence sera suivi de l&#8217;Assembl\u00e9e G\u00e9n\u00e9rale Annuelle pour les membres seulement<\/p>\n<p>&nbsp;<\/p>\n","protected":false},"excerpt":{"rendered":"<p>Conf\u00e9renci\u00e8re: Dr. Louise Thibault La conf\u00e9rence sera suivi de l&#8217;Assembl\u00e9e G\u00e9n\u00e9rale Annuelle pour les membres seulement &nbsp;<\/p>\n","protected":false},"featured_media":2146,"comment_status":"closed","ping_status":"closed","template":"","meta":{"_acf_changed":false},"product_cat":[35,26],"product_tag":[],"class_list":{"0":"post-3691","1":"product","2":"type-product","3":"status-publish","4":"has-post-thumbnail","6":"product_cat-free","7":"product_cat-webinaire-en","9":"first","10":"instock","11":"downloadable","12":"virtual","13":"purchasable","14":"product-type-simple"},"acf":[],"_links":{"self":[{"href":"https:\/\/apned.info\/en\/wp-json\/wp\/v2\/product\/3691","targetHints":{"allow":["GET"]}}],"collection":[{"href":"https:\/\/apned.info\/en\/wp-json\/wp\/v2\/product"}],"about":[{"href":"https:\/\/apned.info\/en\/wp-json\/wp\/v2\/types\/product"}],"replies":[{"embeddable":true,"href":"https:\/\/apned.info\/en\/wp-json\/wp\/v2\/comments?post=3691"}],"wp:featuredmedia":[{"embeddable":true,"href":"https:\/\/apned.info\/en\/wp-json\/wp\/v2\/media\/2146"}],"wp:attachment":[{"href":"https:\/\/apned.info\/en\/wp-json\/wp\/v2\/media?parent=3691"}],"wp:term":[{"taxonomy":"product_cat","embeddable":true,"href":"https:\/\/apned.info\/en\/wp-json\/wp\/v2\/product_cat?post=3691"},{"taxonomy":"product_tag","embeddable":true,"href":"https:\/\/apned.info\/en\/wp-json\/wp\/v2\/product_tag?post=3691"}],"curies":[{"name":"wp","href":"https:\/\/api.w.org\/{rel}","templated":true}]}}