{"id":3694,"date":"2017-08-17T16:57:34","date_gmt":"2017-08-17T20:57:34","guid":{"rendered":"http:\/\/apned.info\/en\/?post_type=product&#038;p=3694"},"modified":"2022-03-25T10:35:10","modified_gmt":"2022-03-25T14:35:10","slug":"club-de-lecture-malnutrition-et-dysphagie-oropharyngee-automne-date-a-confirmer-sous-peu","status":"publish","type":"product","link":"https:\/\/apned.info\/en\/produit\/club-de-lecture-malnutrition-et-dysphagie-oropharyngee-automne-date-a-confirmer-sous-peu","title":{"rendered":"27 novembre 2017 &#8211; Club de lecture &#8211; Malnutrition et dysphagie oropharyng\u00e9e"},"content":{"rendered":"<p>Conf\u00e9renci\u00e8res: Am\u00e9lie Giroux <span style=\"font-family: Verdana; font-size: small;\">Dt.P., M.A.P.<\/span>\u00a0et Vivianne Chagnon, \u00e9tudiante 3e ann\u00e9e, Universit\u00e9 McGill<\/p>\n","protected":false},"excerpt":{"rendered":"<p>Conf\u00e9renci\u00e8res: Am\u00e9lie Giroux Dt.P., M.A.P.\u00a0et Vivianne Chagnon, \u00e9tudiante 3e ann\u00e9e, Universit\u00e9 McGill<\/p>\n","protected":false},"featured_media":2146,"comment_status":"closed","ping_status":"closed","template":"","meta":{"_acf_changed":false},"product_cat":[35,26],"product_tag":[],"class_list":{"0":"post-3694","1":"product","2":"type-product","3":"status-publish","4":"has-post-thumbnail","6":"product_cat-free","7":"product_cat-webinaire-en","9":"first","10":"instock","11":"downloadable","12":"virtual","13":"purchasable","14":"product-type-simple"},"acf":[],"_links":{"self":[{"href":"https:\/\/apned.info\/en\/wp-json\/wp\/v2\/product\/3694","targetHints":{"allow":["GET"]}}],"collection":[{"href":"https:\/\/apned.info\/en\/wp-json\/wp\/v2\/product"}],"about":[{"href":"https:\/\/apned.info\/en\/wp-json\/wp\/v2\/types\/product"}],"replies":[{"embeddable":true,"href":"https:\/\/apned.info\/en\/wp-json\/wp\/v2\/comments?post=3694"}],"wp:featuredmedia":[{"embeddable":true,"href":"https:\/\/apned.info\/en\/wp-json\/wp\/v2\/media\/2146"}],"wp:attachment":[{"href":"https:\/\/apned.info\/en\/wp-json\/wp\/v2\/media?parent=3694"}],"wp:term":[{"taxonomy":"product_cat","embeddable":true,"href":"https:\/\/apned.info\/en\/wp-json\/wp\/v2\/product_cat?post=3694"},{"taxonomy":"product_tag","embeddable":true,"href":"https:\/\/apned.info\/en\/wp-json\/wp\/v2\/product_tag?post=3694"}],"curies":[{"name":"wp","href":"https:\/\/api.w.org\/{rel}","templated":true}]}}