{"id":3703,"date":"2017-08-17T16:47:29","date_gmt":"2017-08-17T20:47:29","guid":{"rendered":""},"modified":"2017-08-17T16:47:29","modified_gmt":"2017-08-17T20:47:29","slug":"acuite-sensorielle-et-vieillissement-12h00-a-13h00-suivi-de-laga-19-septembre-2017-copier","status":"publish","type":"product","link":"https:\/\/apned.info\/en\/produit\/acuite-sensorielle-et-vieillissement-12h00-a-13h00-suivi-de-laga-19-septembre-2017-copier","title":{"rendered":"Acuit\u00e9 sensorielle et vieillissement (12h00 \u00e0 13h00) suivi de l&#8217;AGA &#8211; 19 septembre 2017 (Copier)"},"content":{"rendered":"<p>Conf\u00e9renci\u00e8re: Dr. Louise Thibault<\/p>\n<p>La conf\u00e9rence sera suivi de l&#8217;Assembl\u00e9e G\u00e9n\u00e9rale Annuelle<\/p>\n<p>&nbsp;<\/p>\n","protected":false},"excerpt":{"rendered":"<p>Conf\u00e9renci\u00e8re: Dr. Louise Thibault La conf\u00e9rence sera suivi de l&#8217;Assembl\u00e9e G\u00e9n\u00e9rale Annuelle &nbsp;<\/p>\n","protected":false},"featured_media":2146,"comment_status":"closed","ping_status":"closed","template":"","meta":{"_acf_changed":false},"product_cat":[35,26],"product_tag":[],"class_list":{"0":"post-3703","1":"product","2":"type-product","3":"status-publish","4":"has-post-thumbnail","6":"product_cat-free","7":"product_cat-webinaire-en","9":"first","10":"instock","11":"downloadable","12":"virtual","13":"purchasable","14":"product-type-simple"},"acf":[],"_links":{"self":[{"href":"https:\/\/apned.info\/en\/wp-json\/wp\/v2\/product\/3703","targetHints":{"allow":["GET"]}}],"collection":[{"href":"https:\/\/apned.info\/en\/wp-json\/wp\/v2\/product"}],"about":[{"href":"https:\/\/apned.info\/en\/wp-json\/wp\/v2\/types\/product"}],"replies":[{"embeddable":true,"href":"https:\/\/apned.info\/en\/wp-json\/wp\/v2\/comments?post=3703"}],"wp:featuredmedia":[{"embeddable":true,"href":"https:\/\/apned.info\/en\/wp-json\/wp\/v2\/media\/2146"}],"wp:attachment":[{"href":"https:\/\/apned.info\/en\/wp-json\/wp\/v2\/media?parent=3703"}],"wp:term":[{"taxonomy":"product_cat","embeddable":true,"href":"https:\/\/apned.info\/en\/wp-json\/wp\/v2\/product_cat?post=3703"},{"taxonomy":"product_tag","embeddable":true,"href":"https:\/\/apned.info\/en\/wp-json\/wp\/v2\/product_tag?post=3703"}],"curies":[{"name":"wp","href":"https:\/\/api.w.org\/{rel}","templated":true}]}}