{"id":3705,"date":"2017-08-18T12:25:30","date_gmt":"2017-08-18T16:25:30","guid":{"rendered":"http:\/\/apned.info\/en\/?post_type=product&#038;p=3705"},"modified":"2022-03-25T10:34:00","modified_gmt":"2022-03-25T14:34:00","slug":"cas-cliniques-expliques-et-evaluation-par-videofluoroscopie-chez-ladulte-29-janvier-2018","status":"publish","type":"product","link":"https:\/\/apned.info\/en\/produit\/cas-cliniques-expliques-et-evaluation-par-videofluoroscopie-chez-ladulte-29-janvier-2018","title":{"rendered":"29 janvier 2018 &#8211; Cas cliniques expliqu\u00e9s et \u00e9valuation par vid\u00e9ofluoroscopie chez l&#8217;adulte"},"content":{"rendered":"<p>Conf\u00e9rencier: Michel Sanscartier, Dt.P., MSc<\/p>\n","protected":false},"excerpt":{"rendered":"<p>Conf\u00e9rencier: Michel Sanscartier, Dt.P., MSc<\/p>\n","protected":false},"featured_media":2146,"comment_status":"closed","ping_status":"closed","template":"","meta":{"_acf_changed":false},"product_cat":[35,26],"product_tag":[],"class_list":{"0":"post-3705","1":"product","2":"type-product","3":"status-publish","4":"has-post-thumbnail","6":"product_cat-free","7":"product_cat-webinaire-en","9":"first","10":"instock","11":"downloadable","12":"virtual","13":"purchasable","14":"product-type-simple"},"acf":[],"_links":{"self":[{"href":"https:\/\/apned.info\/en\/wp-json\/wp\/v2\/product\/3705","targetHints":{"allow":["GET"]}}],"collection":[{"href":"https:\/\/apned.info\/en\/wp-json\/wp\/v2\/product"}],"about":[{"href":"https:\/\/apned.info\/en\/wp-json\/wp\/v2\/types\/product"}],"replies":[{"embeddable":true,"href":"https:\/\/apned.info\/en\/wp-json\/wp\/v2\/comments?post=3705"}],"wp:featuredmedia":[{"embeddable":true,"href":"https:\/\/apned.info\/en\/wp-json\/wp\/v2\/media\/2146"}],"wp:attachment":[{"href":"https:\/\/apned.info\/en\/wp-json\/wp\/v2\/media?parent=3705"}],"wp:term":[{"taxonomy":"product_cat","embeddable":true,"href":"https:\/\/apned.info\/en\/wp-json\/wp\/v2\/product_cat?post=3705"},{"taxonomy":"product_tag","embeddable":true,"href":"https:\/\/apned.info\/en\/wp-json\/wp\/v2\/product_tag?post=3705"}],"curies":[{"name":"wp","href":"https:\/\/api.w.org\/{rel}","templated":true}]}}