{"id":3734,"date":"2017-09-01T07:55:00","date_gmt":"2017-09-01T11:55:00","guid":{"rendered":"http:\/\/apned.info\/en\/?post_type=product&#038;p=3734"},"modified":"2023-10-30T16:04:37","modified_gmt":"2023-10-30T20:04:37","slug":"guide-puree","status":"publish","type":"product","link":"https:\/\/apned.info\/en\/produit\/guide-puree","title":{"rendered":"Guide Pur\u00e9e"},"content":{"rendered":"<p>Vous pouvez faire le nombre de reproductions d\u00e9sir\u00e9es en gardant le copyright.<\/p>\n","protected":false},"excerpt":{"rendered":"<p>Vous pouvez faire le nombre de reproductions d\u00e9sir\u00e9es en gardant le copyright.<\/p>\n","protected":false},"featured_media":3736,"comment_status":"closed","ping_status":"closed","template":"","meta":{"_acf_changed":false},"product_cat":[25,26],"product_tag":[],"class_list":{"0":"post-3734","1":"product","2":"type-product","3":"status-publish","4":"has-post-thumbnail","6":"product_cat-product","7":"product_cat-webinaire-en","9":"first","10":"instock","11":"downloadable","12":"virtual","13":"purchasable","14":"product-type-simple"},"acf":[],"_links":{"self":[{"href":"https:\/\/apned.info\/en\/wp-json\/wp\/v2\/product\/3734","targetHints":{"allow":["GET"]}}],"collection":[{"href":"https:\/\/apned.info\/en\/wp-json\/wp\/v2\/product"}],"about":[{"href":"https:\/\/apned.info\/en\/wp-json\/wp\/v2\/types\/product"}],"replies":[{"embeddable":true,"href":"https:\/\/apned.info\/en\/wp-json\/wp\/v2\/comments?post=3734"}],"wp:featuredmedia":[{"embeddable":true,"href":"https:\/\/apned.info\/en\/wp-json\/wp\/v2\/media\/3736"}],"wp:attachment":[{"href":"https:\/\/apned.info\/en\/wp-json\/wp\/v2\/media?parent=3734"}],"wp:term":[{"taxonomy":"product_cat","embeddable":true,"href":"https:\/\/apned.info\/en\/wp-json\/wp\/v2\/product_cat?post=3734"},{"taxonomy":"product_tag","embeddable":true,"href":"https:\/\/apned.info\/en\/wp-json\/wp\/v2\/product_tag?post=3734"}],"curies":[{"name":"wp","href":"https:\/\/api.w.org\/{rel}","templated":true}]}}