{"id":3921,"date":"2017-11-27T12:52:33","date_gmt":"2017-11-27T17:52:33","guid":{"rendered":"https:\/\/apned.info\/en\/produit\/devenir-membre-annee-2020"},"modified":"2022-01-26T09:08:04","modified_gmt":"2022-01-26T14:08:04","slug":"devenir-membre-annee-2020","status":"publish","type":"product","link":"https:\/\/apned.info\/en\/produit\/devenir-membre-annee-2020","title":{"rendered":"Devenir Membre (ann\u00e9e 2020)"},"content":{"rendered":"<p>Lors de l&#8217;abonnement, l&#8217;utilisateur devient automatiquement membre. En \u00e9tant membre, celui-ci profite d&#8217;un rabais de 20% sur tous les produits et services et a acc\u00e8s \u00e0 la section membre.<\/p>\n","protected":false},"excerpt":{"rendered":"<p>Lors de l&#8217;abonnement, l&#8217;utilisateur devient automatiquement membre. En \u00e9tant membre, celui-ci profite d&#8217;un rabais de 20% sur tous les produits et services et a acc\u00e8s \u00e0 la section membre.<\/p>\n","protected":false},"featured_media":1585,"comment_status":"open","ping_status":"closed","template":"","meta":{"_acf_changed":false},"product_cat":[23],"product_tag":[],"class_list":{"0":"post-3921","1":"product","2":"type-product","3":"status-publish","4":"has-post-thumbnail","6":"product_cat-adhesion-membres-en","8":"first","9":"instock","10":"sold-individually","11":"purchasable","12":"product-type-simple"},"acf":[],"_links":{"self":[{"href":"https:\/\/apned.info\/en\/wp-json\/wp\/v2\/product\/3921","targetHints":{"allow":["GET"]}}],"collection":[{"href":"https:\/\/apned.info\/en\/wp-json\/wp\/v2\/product"}],"about":[{"href":"https:\/\/apned.info\/en\/wp-json\/wp\/v2\/types\/product"}],"replies":[{"embeddable":true,"href":"https:\/\/apned.info\/en\/wp-json\/wp\/v2\/comments?post=3921"}],"wp:featuredmedia":[{"embeddable":true,"href":"https:\/\/apned.info\/en\/wp-json\/wp\/v2\/media\/1585"}],"wp:attachment":[{"href":"https:\/\/apned.info\/en\/wp-json\/wp\/v2\/media?parent=3921"}],"wp:term":[{"taxonomy":"product_cat","embeddable":true,"href":"https:\/\/apned.info\/en\/wp-json\/wp\/v2\/product_cat?post=3921"},{"taxonomy":"product_tag","embeddable":true,"href":"https:\/\/apned.info\/en\/wp-json\/wp\/v2\/product_tag?post=3921"}],"curies":[{"name":"wp","href":"https:\/\/api.w.org\/{rel}","templated":true}]}}