{"id":4166,"date":"2018-01-24T12:45:48","date_gmt":"2018-01-24T17:45:48","guid":{"rendered":"https:\/\/apned.info\/en\/?post_type=product&#038;p=4166"},"modified":"2018-03-05T07:36:49","modified_gmt":"2018-03-05T12:36:49","slug":"formation-15-mars-2018-quand-lalimentation-ne-tient-qua-un-fil","status":"publish","type":"product","link":"https:\/\/apned.info\/en\/produit\/formation-15-mars-2018-quand-lalimentation-ne-tient-qua-un-fil","title":{"rendered":"Formation 15 mars 2018 &#8211; Quand l&#8217;alimentation ne tient qu&#8217;\u00e0 un fil!"},"content":{"rendered":"<h2 style=\"text-align: center; color: #333333; text-transform: none; text-indent: 0px; letter-spacing: normal; font-family: Georgia, 'Times New Roman', 'Bitstream Charter', Times, serif; font-style: normal; word-spacing: 0px; white-space: normal; orphans: 2; widows: 2; font-variant-ligatures: normal; font-variant-caps: normal; -webkit-text-stroke-width: 0px; text-decoration-style: initial; text-decoration-color: initial;\">Inscription\u00a0d\u00e8s\u00a0le\u00a024 janvier 2018<\/h2>\n<h4 style=\"color: #333333; text-transform: none; text-indent: 0px; letter-spacing: normal; font-family: Georgia, 'Times New Roman', 'Bitstream Charter', Times, serif; font-size: 16px; font-style: normal; word-spacing: 0px; white-space: normal; orphans: 2; widows: 2; font-variant-ligatures: normal; font-variant-caps: normal; -webkit-text-stroke-width: 0px; text-decoration-style: initial; text-decoration-color: initial;\">Formation 15 mars 2018 &#8211; Quand l&#8217;alimentation ne tient qu&#8217;\u00e0 un fil!<\/h4>\n<p style=\"color: #333333; text-transform: none; text-indent: 0px; letter-spacing: normal; font-family: Georgia, 'Times New Roman', 'Bitstream Charter', Times, serif; font-size: 16px; font-style: normal; font-weight: 400; word-spacing: 0px; white-space: normal; orphans: 2; widows: 2; font-variant-ligatures: normal; font-variant-caps: normal; -webkit-text-stroke-width: 0px; text-decoration-style: initial; text-decoration-color: initial;\">Lieu :\u00a0<strong>Institut universitaire en sant\u00e9 mentale de Montr\u00e9al<\/strong><\/p>\n<p style=\"color: #333333; text-transform: none; text-indent: 0px; letter-spacing: normal; font-family: Georgia, 'Times New Roman', 'Bitstream Charter', Times, serif; font-size: 16px; font-style: normal; font-weight: 400; word-spacing: 0px; white-space: normal; orphans: 2; widows: 2; font-variant-ligatures: normal; font-variant-caps: normal; -webkit-text-stroke-width: 0px; text-decoration-style: initial; text-decoration-color: initial;\">Heure :\u00a0<strong>7h00-15h15<\/strong><br \/>\n(accueil et inscription sur place de\u00a07h00-8h00)<\/p>\n<p style=\"color: #333333; text-transform: none; text-indent: 0px; letter-spacing: normal; font-family: Georgia, 'Times New Roman', 'Bitstream Charter', Times, serif; font-size: 16px; font-style: normal; font-weight: 400; word-spacing: 0px; white-space: normal; orphans: 2; widows: 2; font-variant-ligatures: normal; font-variant-caps: normal; -webkit-text-stroke-width: 0px; text-decoration-style: initial; text-decoration-color: initial;\">Un webinaire sur les aspects th\u00e9oriques de l\u2019\u00e9thique par Hugues<br \/>\nVaillancourt en compl\u00e9ment d\u2019information, sera pr\u00e9sent\u00e9 le<br \/>\n23 f\u00e9vrier 2018 et offert gratuitement aux membres. Les<br \/>\nnon\u2011membres pourront s\u2019inscrire via le site web APNED.INFO<\/p>\n<p style=\"color: #333333; text-transform: none; text-indent: 0px; letter-spacing: normal; font-family: Georgia, 'Times New Roman', 'Bitstream Charter', Times, serif; font-size: 16px; font-style: normal; font-weight: 400; word-spacing: 0px; white-space: normal; orphans: 2; widows: 2; font-variant-ligatures: normal; font-variant-caps: normal; -webkit-text-stroke-width: 0px; text-decoration-style: initial; text-decoration-color: initial;\">Tarifs \u00ab Early Bird \u00bb avant le 4\u00a0mars<br \/>\nConf\u00e9rence Montr\u00e9al 15 mars<br \/>\nMembres (inclus le webinaire du 23 f\u00e9vrier) 165$\u00a0&#8211; D\u00e8s le 5\u00a0mars\u00a0225 $<br \/>\nEtudiants 85 $\u00a0D\u00e8s le 5\u00a0mars\u00a0115 $<br \/>\nNon membres 245 $ &#8211;\u00a0D\u00e8s le 5\u00a0mars\u00a0305 $<\/p>\n","protected":false},"excerpt":{"rendered":"<p>Quand l&#8217;alimentation ne tient qu&#8217;\u00e0 un fil! Consid\u00e9rations techniques et \u00e9thiques<\/p>\n<p>&nbsp;<\/p>\n<p>&nbsp;<\/p>\n","protected":false},"featured_media":4325,"comment_status":"closed","ping_status":"closed","template":"","meta":{"_acf_changed":false},"product_cat":[31],"product_tag":[],"class_list":{"0":"post-4166","1":"product","2":"type-product","3":"status-publish","4":"has-post-thumbnail","6":"product_cat-conference","8":"first","9":"instock","10":"downloadable","11":"shipping-taxable","12":"purchasable","13":"product-type-simple"},"acf":[],"_links":{"self":[{"href":"https:\/\/apned.info\/en\/wp-json\/wp\/v2\/product\/4166","targetHints":{"allow":["GET"]}}],"collection":[{"href":"https:\/\/apned.info\/en\/wp-json\/wp\/v2\/product"}],"about":[{"href":"https:\/\/apned.info\/en\/wp-json\/wp\/v2\/types\/product"}],"replies":[{"embeddable":true,"href":"https:\/\/apned.info\/en\/wp-json\/wp\/v2\/comments?post=4166"}],"wp:featuredmedia":[{"embeddable":true,"href":"https:\/\/apned.info\/en\/wp-json\/wp\/v2\/media\/4325"}],"wp:attachment":[{"href":"https:\/\/apned.info\/en\/wp-json\/wp\/v2\/media?parent=4166"}],"wp:term":[{"taxonomy":"product_cat","embeddable":true,"href":"https:\/\/apned.info\/en\/wp-json\/wp\/v2\/product_cat?post=4166"},{"taxonomy":"product_tag","embeddable":true,"href":"https:\/\/apned.info\/en\/wp-json\/wp\/v2\/product_tag?post=4166"}],"curies":[{"name":"wp","href":"https:\/\/api.w.org\/{rel}","templated":true}]}}