{"id":4287,"date":"2018-01-27T11:55:57","date_gmt":"2018-01-27T16:55:57","guid":{"rendered":"https:\/\/apned.info\/en\/product\/webinaire-de-la-formation-15-mars-2018-quand-lalimentation-ne-tient-qua-un-fil"},"modified":"2020-01-10T11:32:20","modified_gmt":"2020-01-10T16:32:20","slug":"webinaire-de-la-formation-15-mars-2018-quand-lalimentation-ne-tient-qua-un-fil","status":"publish","type":"product","link":"https:\/\/apned.info\/en\/produit\/webinaire-de-la-formation-15-mars-2018-quand-lalimentation-ne-tient-qua-un-fil","title":{"rendered":"Webinaire de la formation 15 mars 2018 &#8211; Quand l&#8217;alimentation ne tient qu&#8217;\u00e0 un fil!"},"content":{"rendered":"<h3 style=\"text-align: center;\"><\/h3>\n<p style=\"text-align: center;\"><strong>Webinaire de la formation du 15 mars 2018 &#8211; Quand l&#8217;alimentation ne tient qu&#8217;\u00e0 un fil!<\/strong><\/p>\n<p style=\"text-align: center;\">Consid\u00e9rations techniques et \u00e9thiques<\/p>\n<p align=\"LEFT\"><span style=\"font-family: HelveticaNeueLTCom-LtCn; font-size: medium;\"><span style=\"font-family: HelveticaNeueLTCom-LtCn; font-size: medium;\">Tarifs<\/span><\/span><\/p>\n<p align=\"LEFT\"><span style=\"font-family: HelveticaNeueLTCom-LtCn; font-size: medium;\"><span style=\"font-family: HelveticaNeueLTCom-LtCn; font-size: medium;\">Membres 9<\/span><\/span><span style=\"font-family: HelveticaNeueLTCom-LtCn; font-size: medium;\"><span style=\"font-family: HelveticaNeueLTCom-LtCn; font-size: medium;\">0 $\u00a0 &#8211;\u00a0<\/span><\/span><\/p>\n<p align=\"LEFT\">Non membres 120 $<\/p>\n<p>&nbsp;<\/p>\n","protected":false},"excerpt":{"rendered":"<p>Webinaire de la formation du 15 mars 2018 &#8211; Quand l&#8217;alimentation ne tient qu&#8217;\u00e0 un fil! Consid\u00e9rations techniques et \u00e9thiques Tarifs Membres 90 $\u00a0 &#8211;\u00a0 Non membres 120 $ &nbsp;<\/p>\n","protected":false},"featured_media":4325,"comment_status":"closed","ping_status":"closed","template":"","meta":{"_acf_changed":false},"product_cat":[28,33],"product_tag":[],"class_list":{"0":"post-4287","1":"product","2":"type-product","3":"status-publish","4":"has-post-thumbnail","6":"product_cat-formation-en","7":"product_cat-previous-conferences","9":"first","10":"instock","11":"downloadable","12":"shipping-taxable","13":"purchasable","14":"product-type-simple"},"acf":[],"_links":{"self":[{"href":"https:\/\/apned.info\/en\/wp-json\/wp\/v2\/product\/4287","targetHints":{"allow":["GET"]}}],"collection":[{"href":"https:\/\/apned.info\/en\/wp-json\/wp\/v2\/product"}],"about":[{"href":"https:\/\/apned.info\/en\/wp-json\/wp\/v2\/types\/product"}],"replies":[{"embeddable":true,"href":"https:\/\/apned.info\/en\/wp-json\/wp\/v2\/comments?post=4287"}],"wp:featuredmedia":[{"embeddable":true,"href":"https:\/\/apned.info\/en\/wp-json\/wp\/v2\/media\/4325"}],"wp:attachment":[{"href":"https:\/\/apned.info\/en\/wp-json\/wp\/v2\/media?parent=4287"}],"wp:term":[{"taxonomy":"product_cat","embeddable":true,"href":"https:\/\/apned.info\/en\/wp-json\/wp\/v2\/product_cat?post=4287"},{"taxonomy":"product_tag","embeddable":true,"href":"https:\/\/apned.info\/en\/wp-json\/wp\/v2\/product_tag?post=4287"}],"curies":[{"name":"wp","href":"https:\/\/api.w.org\/{rel}","templated":true}]}}