{"id":4944,"date":"2018-05-22T13:19:27","date_gmt":"2018-05-22T17:19:27","guid":{"rendered":"https:\/\/apned.info\/en\/?post_type=product&#038;p=4944"},"modified":"2020-06-03T13:09:39","modified_gmt":"2020-06-03T17:09:39","slug":"webinaire-14-juin-2018-application-des-probiotiques-pour-le-diabete-du-type-2-suivi-de-laga-pour-les-membres","status":"publish","type":"product","link":"https:\/\/apned.info\/en\/produit\/webinaire-14-juin-2018-application-des-probiotiques-pour-le-diabete-du-type-2-suivi-de-laga-pour-les-membres","title":{"rendered":"Webinaire 14 juin 2018 &#8211; Application des probiotiques pour le diab\u00e8te du type 2 (suivi de l&#8217;AGA pour les membres)"},"content":{"rendered":"<p><em><strong>En lien avec l&#8217;article:<\/strong><\/em><\/p>\n<p align=\"LEFT\">Clinical application of probiotics in type 2 diabetes mellitus: A randomized, double-blind, placebo-controlled study<\/p>\n<p>Application Clinique des probiotiques dans le diab\u00e8te de type 2: une \u00e9tude randomis\u00e9e, en double, aveugle contr\u00f4l\u00e9e contre placebo<\/p>\n<div id=\"x_Signature\">\n<div id=\"x_divtagdefaultwrapper\" dir=\"ltr\" style=\"color: #000000; font-family: Calibri,Helvetica,sans-serif,'EmojiFont','Apple Color Emoji','Segoe UI Emoji',NotoColorEmoji,'Segoe UI Symbol','Android Emoji',EmojiSymbols; font-size: 12pt;\">\n<h3><em><strong>Conf\u00e9renci\u00e8re:<\/strong><\/em><\/h3>\n<p>Vivianne Chagnon, \u00e9tudiante en nutrition, niveau 3 McGill<\/p>\n<\/div>\n<p>Le\u00a0webinaire se tiendra de 12h-13h et sera suivi de l&#8217;AGA pour les membres de 13h \u00e0 14h00 (on vise toutefois le 13h30)<\/p>\n<\/div>\n","protected":false},"excerpt":{"rendered":"<p>En lien avec l&#8217;article: Clinical application of probiotics in type 2 diabetes mellitus: A randomized, double-blind, placebo-controlled study Application Clinique des probiotiques dans le diab\u00e8te de type 2: une \u00e9tude&#8230;<\/p>\n","protected":false},"featured_media":6024,"comment_status":"closed","ping_status":"closed","template":"","meta":{"_acf_changed":false},"product_cat":[35,26],"product_tag":[],"class_list":{"0":"post-4944","1":"product","2":"type-product","3":"status-publish","4":"has-post-thumbnail","6":"product_cat-free","7":"product_cat-webinaire-en","9":"first","10":"instock","11":"downloadable","12":"virtual","13":"purchasable","14":"product-type-simple"},"acf":[],"_links":{"self":[{"href":"https:\/\/apned.info\/en\/wp-json\/wp\/v2\/product\/4944","targetHints":{"allow":["GET"]}}],"collection":[{"href":"https:\/\/apned.info\/en\/wp-json\/wp\/v2\/product"}],"about":[{"href":"https:\/\/apned.info\/en\/wp-json\/wp\/v2\/types\/product"}],"replies":[{"embeddable":true,"href":"https:\/\/apned.info\/en\/wp-json\/wp\/v2\/comments?post=4944"}],"wp:featuredmedia":[{"embeddable":true,"href":"https:\/\/apned.info\/en\/wp-json\/wp\/v2\/media\/6024"}],"wp:attachment":[{"href":"https:\/\/apned.info\/en\/wp-json\/wp\/v2\/media?parent=4944"}],"wp:term":[{"taxonomy":"product_cat","embeddable":true,"href":"https:\/\/apned.info\/en\/wp-json\/wp\/v2\/product_cat?post=4944"},{"taxonomy":"product_tag","embeddable":true,"href":"https:\/\/apned.info\/en\/wp-json\/wp\/v2\/product_tag?post=4944"}],"curies":[{"name":"wp","href":"https:\/\/api.w.org\/{rel}","templated":true}]}}