{"id":5914,"date":"2019-06-05T11:34:18","date_gmt":"2019-06-05T15:34:18","guid":{"rendered":"https:\/\/apned.info\/en\/?post_type=product&#038;p=5914"},"modified":"2022-06-10T18:16:43","modified_gmt":"2022-06-10T22:16:43","slug":"le-consistometre-bostwick-et-le-test-decoulementde-liddsi-deux-poids-deux-mesures-18-juin-2019","status":"publish","type":"product","link":"https:\/\/apned.info\/en\/produit\/le-consistometre-bostwick-et-le-test-decoulementde-liddsi-deux-poids-deux-mesures-18-juin-2019","title":{"rendered":"18 juin 2019 &#8211; Le consistom\u00e8tre Bostwick et le test d&#8217;\u00e9coulement de l&#8217;IDDSI: deux poids, deux mesures?"},"content":{"rendered":"<p><strong>18 juin 2019 &#8211; <\/strong><strong>12h \u00e0 13h30<\/strong><\/p>\n<p>&nbsp;<\/p>\n<p><em><strong>Conf\u00e9renci\u00e8res:<\/strong><\/em><\/p>\n<p>Claudia C\u00f4t\u00e9, Ph.D.(c), M.Sc., Dt.P., et Isabelle Germain, Ph.D., M.Sc., Dt.P.<\/p>\n<p><em><strong>Avec la participation de:<\/strong><\/em><\/p>\n<p>Paule Bernier, M.Sc., Dt.P., pr\u00e9sidente de l&#8217;Ordre professionnelle des di\u00e9t\u00e9tistes du Qu\u00e9bec<\/p>\n","protected":false},"excerpt":{"rendered":"<ul>\n<li>Pr\u00e9sentation des r\u00e9sultats de l&#8217;article <em>Comparison of two methods to categorize thickened liquids for dysphagia management in a clinical care setting context. The Bostwick consistometer and the IDDSI Flow Test. Are we talking about the same concept?<\/em><\/li>\n<li>Explications des facteurs affectant la rh\u00e9tologie des liquides.<\/li>\n<li>Justification du choix de maintenir la m\u00e9thode Bostwick pour le Qu\u00e9bec.<\/li>\n<\/ul>\n","protected":false},"featured_media":5916,"comment_status":"closed","ping_status":"closed","template":"","meta":{"_acf_changed":false},"product_cat":[35,26],"product_tag":[],"class_list":{"0":"post-5914","1":"product","2":"type-product","3":"status-publish","4":"has-post-thumbnail","6":"product_cat-free","7":"product_cat-webinaire-en","9":"first","10":"outofstock","11":"downloadable","12":"sold-individually","13":"shipping-taxable","14":"purchasable","15":"product-type-simple"},"acf":[],"_links":{"self":[{"href":"https:\/\/apned.info\/en\/wp-json\/wp\/v2\/product\/5914","targetHints":{"allow":["GET"]}}],"collection":[{"href":"https:\/\/apned.info\/en\/wp-json\/wp\/v2\/product"}],"about":[{"href":"https:\/\/apned.info\/en\/wp-json\/wp\/v2\/types\/product"}],"replies":[{"embeddable":true,"href":"https:\/\/apned.info\/en\/wp-json\/wp\/v2\/comments?post=5914"}],"wp:featuredmedia":[{"embeddable":true,"href":"https:\/\/apned.info\/en\/wp-json\/wp\/v2\/media\/5916"}],"wp:attachment":[{"href":"https:\/\/apned.info\/en\/wp-json\/wp\/v2\/media?parent=5914"}],"wp:term":[{"taxonomy":"product_cat","embeddable":true,"href":"https:\/\/apned.info\/en\/wp-json\/wp\/v2\/product_cat?post=5914"},{"taxonomy":"product_tag","embeddable":true,"href":"https:\/\/apned.info\/en\/wp-json\/wp\/v2\/product_tag?post=5914"}],"curies":[{"name":"wp","href":"https:\/\/api.w.org\/{rel}","templated":true}]}}