{"id":6235,"date":"2019-09-16T11:57:13","date_gmt":"2019-09-16T15:57:13","guid":{"rendered":""},"modified":"2022-09-30T15:17:20","modified_gmt":"2022-09-30T19:17:20","slug":"webinaire-16-octobre-2019-dysphagie-et-botox-les-deux-cotes-de-linjection","status":"publish","type":"product","link":"https:\/\/apned.info\/en\/produit\/webinaire-16-octobre-2019-dysphagie-et-botox-les-deux-cotes-de-linjection","title":{"rendered":"Webinaire 16 octobre 2019 Dysphagie et Botox, les deux c\u00f4t\u00e9s de l&#8217;injection!"},"content":{"rendered":"<p>Une revue de la litt\u00e9rature\u00a0sur l&#8217;utilisation du Botox pour traiter la dysphagie ou encore causer de la dysphagie!<\/p>\n<p><em><strong>Conf\u00e9renci\u00e8res:<\/strong><\/em><\/p>\n<div id=\"x_Signature\">\n<div id=\"x_divtagdefaultwrapper\" dir=\"ltr\" style=\"color: #000000; font-family: Calibri,Helvetica,sans-serif,'EmojiFont','Apple Color Emoji','Segoe UI Emoji',NotoColorEmoji,'Segoe UI Symbol','Android Emoji',EmojiSymbols; font-size: 12pt;\">\n<p>Vivianne Chagnon Dt.P. et Am\u00e9lie Giroux, Dt.P.<\/p>\n<\/div>\n<p>Le\u00a0webinaire se tiendra de 12 h -13 h et sera suivi de l&#8217;AGA pour les membres de 13 h \u00e0 14 h (on vise\u00a0terminer \u00e0 13 h 30<\/p>\n<\/div>\n","protected":false},"excerpt":{"rendered":"<p>Une revue de la litt\u00e9rature\u00a0sur l&#8217;utilisation du Botox pour traiter la dysphagie ou encore causer de la dysphagie! Conf\u00e9renci\u00e8res: Vivianne Chagnon Dt.P. et Am\u00e9lie Giroux, Dt.P. Le\u00a0webinaire se tiendra de&#8230;<\/p>\n","protected":false},"featured_media":6240,"comment_status":"closed","ping_status":"closed","template":"","meta":{"_acf_changed":false},"product_cat":[35,26],"product_tag":[],"class_list":{"0":"post-6235","1":"product","2":"type-product","3":"status-publish","4":"has-post-thumbnail","6":"product_cat-free","7":"product_cat-webinaire-en","9":"first","10":"instock","11":"downloadable","12":"virtual","13":"purchasable","14":"product-type-simple"},"acf":[],"_links":{"self":[{"href":"https:\/\/apned.info\/en\/wp-json\/wp\/v2\/product\/6235","targetHints":{"allow":["GET"]}}],"collection":[{"href":"https:\/\/apned.info\/en\/wp-json\/wp\/v2\/product"}],"about":[{"href":"https:\/\/apned.info\/en\/wp-json\/wp\/v2\/types\/product"}],"replies":[{"embeddable":true,"href":"https:\/\/apned.info\/en\/wp-json\/wp\/v2\/comments?post=6235"}],"wp:featuredmedia":[{"embeddable":true,"href":"https:\/\/apned.info\/en\/wp-json\/wp\/v2\/media\/6240"}],"wp:attachment":[{"href":"https:\/\/apned.info\/en\/wp-json\/wp\/v2\/media?parent=6235"}],"wp:term":[{"taxonomy":"product_cat","embeddable":true,"href":"https:\/\/apned.info\/en\/wp-json\/wp\/v2\/product_cat?post=6235"},{"taxonomy":"product_tag","embeddable":true,"href":"https:\/\/apned.info\/en\/wp-json\/wp\/v2\/product_tag?post=6235"}],"curies":[{"name":"wp","href":"https:\/\/api.w.org\/{rel}","templated":true}]}}