{"id":6368,"date":"2019-10-24T13:30:57","date_gmt":"2019-10-24T17:30:57","guid":{"rendered":"https:\/\/apned.info\/en\/?post_type=product&#038;p=6368"},"modified":"2019-11-06T15:57:28","modified_gmt":"2019-11-06T20:57:28","slug":"webinaire-via-ligne-telephonique-8-novembre-2019-nouvelles-lignes-directrices-quant-aux-consistances-et-plan-daction","status":"publish","type":"product","link":"https:\/\/apned.info\/en\/produit\/webinaire-via-ligne-telephonique-8-novembre-2019-nouvelles-lignes-directrices-quant-aux-consistances-et-plan-daction","title":{"rendered":"Webinaire (via ligne t\u00e9l\u00e9phonique) 8 novembre 2019 &#8211; Nouvelles lignes directrices quant aux consistances et plan d&#8217;action"},"content":{"rendered":"<p><strong>Webinaire gratuit pour tous\u00a0<\/strong><\/p>\n<p>La pr\u00e9sentation PowerPoint sera disponible \u00e0 l&#8217;avance afin de permettre aux participants via la ligne t\u00e9l\u00e9phonique de suivre la pr\u00e9sentation.<\/p>\n<p><em><strong>Conf\u00e9renci\u00e8res<\/strong><\/em><\/p>\n<p>Isabelle Germain<\/p>\n<p>Claudia C\u00f4t\u00e9<\/p>\n<p>Patricia McKinnon<\/p>\n<p>Paule Bernier<\/p>\n<h4><strong>Il serait appr\u00e9ci\u00e9 si vous pouviez compl\u00e9ter le sondage joint \u00e0 votre confirmation d\u2019achat avant le webinaire.<\/strong><\/h4>\n","protected":false},"excerpt":{"rendered":"<p>Nouvelles lignes directrices quant aux consistances et plan d&#8217;action<\/p>\n","protected":false},"featured_media":6378,"comment_status":"closed","ping_status":"closed","template":"","meta":{"_acf_changed":false},"product_cat":[35,26],"product_tag":[],"class_list":{"0":"post-6368","1":"product","2":"type-product","3":"status-publish","4":"has-post-thumbnail","6":"product_cat-free","7":"product_cat-webinaire-en","9":"first","10":"outofstock","11":"downloadable","12":"virtual","13":"sold-individually","14":"purchasable","15":"product-type-simple"},"acf":[],"_links":{"self":[{"href":"https:\/\/apned.info\/en\/wp-json\/wp\/v2\/product\/6368","targetHints":{"allow":["GET"]}}],"collection":[{"href":"https:\/\/apned.info\/en\/wp-json\/wp\/v2\/product"}],"about":[{"href":"https:\/\/apned.info\/en\/wp-json\/wp\/v2\/types\/product"}],"replies":[{"embeddable":true,"href":"https:\/\/apned.info\/en\/wp-json\/wp\/v2\/comments?post=6368"}],"wp:featuredmedia":[{"embeddable":true,"href":"https:\/\/apned.info\/en\/wp-json\/wp\/v2\/media\/6378"}],"wp:attachment":[{"href":"https:\/\/apned.info\/en\/wp-json\/wp\/v2\/media?parent=6368"}],"wp:term":[{"taxonomy":"product_cat","embeddable":true,"href":"https:\/\/apned.info\/en\/wp-json\/wp\/v2\/product_cat?post=6368"},{"taxonomy":"product_tag","embeddable":true,"href":"https:\/\/apned.info\/en\/wp-json\/wp\/v2\/product_tag?post=6368"}],"curies":[{"name":"wp","href":"https:\/\/api.w.org\/{rel}","templated":true}]}}