{"id":6371,"date":"2019-10-24T13:29:30","date_gmt":"2019-10-24T17:29:30","guid":{"rendered":"https:\/\/apned.info\/en\/?post_type=product&#038;p=6371"},"modified":"2019-10-25T09:52:33","modified_gmt":"2019-10-25T13:52:33","slug":"webinaire-8-novembre-2019-nouvelles-lignes-directrices-quant-aux-consistances-et-plan-daction","status":"publish","type":"product","link":"https:\/\/apned.info\/en\/produit\/webinaire-8-novembre-2019-nouvelles-lignes-directrices-quant-aux-consistances-et-plan-daction","title":{"rendered":"Webinaire 8 novembre 2019 &#8211; Nouvelles lignes directrices quant aux consistances et plan d&#8217;action"},"content":{"rendered":"<p><strong>Webinaire gratuit pour tous\u00a0<\/strong><\/p>\n<p>Ce produit est limit\u00e9 pour les pr\u00e9sences en salle Adobe mais il est aussi disponible pour \u00e9coute t\u00e9l\u00e9phonique<\/p>\n<p>La pr\u00e9sentation PowerPoint sera disponible \u00e0 l&#8217;avance afin de permettre aux participants via la ligne t\u00e9l\u00e9phonique de suivre la pr\u00e9sentation.<\/p>\n<p><em><strong>Conf\u00e9renci\u00e8res<\/strong><\/em><\/p>\n<p>Isabelle Germain<\/p>\n<p>Claudia C\u00f4t\u00e9<\/p>\n<p>Patricia McKinnon<\/p>\n<p>Paule Bernier<\/p>\n","protected":false},"excerpt":{"rendered":"<p>Nouvelles lignes directrices quant aux consistances et plan d&#8217;action<\/p>\n","protected":false},"featured_media":6378,"comment_status":"closed","ping_status":"closed","template":"","meta":{"_acf_changed":false},"product_cat":[35,26],"product_tag":[],"class_list":{"0":"post-6371","1":"product","2":"type-product","3":"status-publish","4":"has-post-thumbnail","6":"product_cat-free","7":"product_cat-webinaire-en","9":"first","10":"outofstock","11":"virtual","12":"sold-individually","13":"purchasable","14":"product-type-simple"},"acf":[],"_links":{"self":[{"href":"https:\/\/apned.info\/en\/wp-json\/wp\/v2\/product\/6371","targetHints":{"allow":["GET"]}}],"collection":[{"href":"https:\/\/apned.info\/en\/wp-json\/wp\/v2\/product"}],"about":[{"href":"https:\/\/apned.info\/en\/wp-json\/wp\/v2\/types\/product"}],"replies":[{"embeddable":true,"href":"https:\/\/apned.info\/en\/wp-json\/wp\/v2\/comments?post=6371"}],"wp:featuredmedia":[{"embeddable":true,"href":"https:\/\/apned.info\/en\/wp-json\/wp\/v2\/media\/6378"}],"wp:attachment":[{"href":"https:\/\/apned.info\/en\/wp-json\/wp\/v2\/media?parent=6371"}],"wp:term":[{"taxonomy":"product_cat","embeddable":true,"href":"https:\/\/apned.info\/en\/wp-json\/wp\/v2\/product_cat?post=6371"},{"taxonomy":"product_tag","embeddable":true,"href":"https:\/\/apned.info\/en\/wp-json\/wp\/v2\/product_tag?post=6371"}],"curies":[{"name":"wp","href":"https:\/\/api.w.org\/{rel}","templated":true}]}}