{"id":8025,"date":"2020-12-02T11:41:09","date_gmt":"2020-12-02T16:41:09","guid":{"rendered":"https:\/\/apned.info\/en\/?post_type=product&#038;p=8025"},"modified":"2022-09-30T15:08:11","modified_gmt":"2022-09-30T19:08:11","slug":"webinaire-9-decembre-2020-cancer-et-dysphagie-les-consequences-de-lun-sur-lautre","status":"publish","type":"product","link":"https:\/\/apned.info\/en\/produit\/webinaire-9-decembre-2020-cancer-et-dysphagie-les-consequences-de-lun-sur-lautre","title":{"rendered":"Webinaire 9 d\u00e9cembre 2020 &#8211; Cancer et dysphagie: Les cons\u00e9quences de l&#8217;un sur l&#8217;autre"},"content":{"rendered":"<p><em>Mercredi le 9 d\u00e9cembre 2020 &#8211; 12h00<\/em><\/p>\n<p><strong>Cancer et dysphagie: Les cons\u00e9quences de l&#8217;un sur l&#8217;autre<\/strong><\/p>\n<p><em>Conf\u00e9renci\u00e8re:<\/em><\/p>\n<p><strong>Marissa Lawson, \u00e9tudiante en nutrition au programme de ma\u00eetrise de l&#8217;Universit\u00e9 McGill<\/strong><\/p>\n","protected":false},"excerpt":{"rendered":"<p>Mercredi le 9 d\u00e9cembre 2020 &#8211; 12h00 Cancer et dysphagie: Les cons\u00e9quences de l&#8217;un sur l&#8217;autre Conf\u00e9renci\u00e8re: Marissa Lawson, \u00e9tudiante en nutrition au programme de ma\u00eetrise de l&#8217;Universit\u00e9 McGill<\/p>\n","protected":false},"featured_media":8030,"comment_status":"closed","ping_status":"closed","template":"","meta":{"_acf_changed":false},"product_cat":[35,26],"product_tag":[],"class_list":{"0":"post-8025","1":"product","2":"type-product","3":"status-publish","4":"has-post-thumbnail","6":"product_cat-free","7":"product_cat-webinaire-en","9":"first","10":"instock","11":"downloadable","12":"virtual","13":"purchasable","14":"product-type-simple"},"acf":[],"_links":{"self":[{"href":"https:\/\/apned.info\/en\/wp-json\/wp\/v2\/product\/8025","targetHints":{"allow":["GET"]}}],"collection":[{"href":"https:\/\/apned.info\/en\/wp-json\/wp\/v2\/product"}],"about":[{"href":"https:\/\/apned.info\/en\/wp-json\/wp\/v2\/types\/product"}],"replies":[{"embeddable":true,"href":"https:\/\/apned.info\/en\/wp-json\/wp\/v2\/comments?post=8025"}],"wp:featuredmedia":[{"embeddable":true,"href":"https:\/\/apned.info\/en\/wp-json\/wp\/v2\/media\/8030"}],"wp:attachment":[{"href":"https:\/\/apned.info\/en\/wp-json\/wp\/v2\/media?parent=8025"}],"wp:term":[{"taxonomy":"product_cat","embeddable":true,"href":"https:\/\/apned.info\/en\/wp-json\/wp\/v2\/product_cat?post=8025"},{"taxonomy":"product_tag","embeddable":true,"href":"https:\/\/apned.info\/en\/wp-json\/wp\/v2\/product_tag?post=8025"}],"curies":[{"name":"wp","href":"https:\/\/api.w.org\/{rel}","templated":true}]}}