{"id":8428,"date":"2021-01-15T16:04:02","date_gmt":"2021-01-15T21:04:02","guid":{"rendered":"https:\/\/apned.info\/en\/?post_type=product&#038;p=8428"},"modified":"2021-03-26T15:05:44","modified_gmt":"2021-03-26T19:05:44","slug":"webinaire-3-fevrier-2021-epaississants-alimentaires-types-et-caracteristiques-dutilisation","status":"publish","type":"product","link":"https:\/\/apned.info\/en\/produit\/webinaire-3-fevrier-2021-epaississants-alimentaires-types-et-caracteristiques-dutilisation","title":{"rendered":"Webinaire 3 f\u00e9vrier 2021 &#8211; \u00c9paississants alimentaires\u00a0: types et caract\u00e9ristiques d\u2019utilisation"},"content":{"rendered":"<p><em>Mercredi le 3\u00a0f\u00e9vrier 2021 &#8211; 12h00<\/em><\/p>\n<p><strong>\u00c9paississants alimentaires : types et caract\u00e9ristiques d\u2019utilisation\u00a0<\/strong><\/p>\n<p><em>Conf\u00e9renci\u00e8re:<\/em><\/p>\n<p><em><strong>Isabelle Germain Ph. D., M. Sc., Dt. P.<\/strong><\/em><\/p>\n<p><em>Objectifs:<\/em><\/p>\n<ul>\n<li><em><strong>Pr\u00e9senter certains \u00e9paississants alimentaires utilis\u00e9s en cuisine institutionnelle<\/strong><\/em><\/li>\n<li><em><strong>Pr\u00e9senter les limites d&#8217;utilisation de certains \u00e9paississants alimentaires<\/strong><\/em><\/li>\n<\/ul>\n","protected":false},"excerpt":{"rendered":"<p>Mercredi le 3\u00a0f\u00e9vrier 2021 &#8211; 12h00 \u00c9paississants alimentaires : types et caract\u00e9ristiques d\u2019utilisation\u00a0 Conf\u00e9renci\u00e8re: Isabelle Germain Ph. D., M. Sc., Dt. P. Objectifs: Pr\u00e9senter certains \u00e9paississants alimentaires utilis\u00e9s en cuisine&#8230;<\/p>\n","protected":false},"featured_media":8427,"comment_status":"closed","ping_status":"closed","template":"","meta":{"_acf_changed":false},"product_cat":[35,26],"product_tag":[],"class_list":{"0":"post-8428","1":"product","2":"type-product","3":"status-publish","4":"has-post-thumbnail","6":"product_cat-free","7":"product_cat-webinaire-en","9":"first","10":"instock","11":"downloadable","12":"shipping-taxable","13":"purchasable","14":"product-type-simple"},"acf":[],"_links":{"self":[{"href":"https:\/\/apned.info\/en\/wp-json\/wp\/v2\/product\/8428","targetHints":{"allow":["GET"]}}],"collection":[{"href":"https:\/\/apned.info\/en\/wp-json\/wp\/v2\/product"}],"about":[{"href":"https:\/\/apned.info\/en\/wp-json\/wp\/v2\/types\/product"}],"replies":[{"embeddable":true,"href":"https:\/\/apned.info\/en\/wp-json\/wp\/v2\/comments?post=8428"}],"wp:featuredmedia":[{"embeddable":true,"href":"https:\/\/apned.info\/en\/wp-json\/wp\/v2\/media\/8427"}],"wp:attachment":[{"href":"https:\/\/apned.info\/en\/wp-json\/wp\/v2\/media?parent=8428"}],"wp:term":[{"taxonomy":"product_cat","embeddable":true,"href":"https:\/\/apned.info\/en\/wp-json\/wp\/v2\/product_cat?post=8428"},{"taxonomy":"product_tag","embeddable":true,"href":"https:\/\/apned.info\/en\/wp-json\/wp\/v2\/product_tag?post=8428"}],"curies":[{"name":"wp","href":"https:\/\/api.w.org\/{rel}","templated":true}]}}