{"id":8631,"date":"2021-02-04T14:07:24","date_gmt":"2021-02-04T19:07:24","guid":{"rendered":"https:\/\/apned.info\/en\/?post_type=product&#038;p=8631"},"modified":"2022-12-02T09:05:13","modified_gmt":"2022-12-02T14:05:13","slug":"webinaire-23-fevrier-2021-epaississants-alimentaires-types-et-caracteristiques-dutilisation","status":"publish","type":"product","link":"https:\/\/apned.info\/en\/produit\/webinaire-23-fevrier-2021-epaississants-alimentaires-types-et-caracteristiques-dutilisation","title":{"rendered":"Webinaire 23 f\u00e9vrier 2021 \u2013 \u00c9paississants alimentaires : types et caract\u00e9ristiques d\u2019utilisation"},"content":{"rendered":"<p><em>Mardi le 23\u00a0f\u00e9vrier 2021 &#8211; 12h00<\/em><\/p>\n<p><strong>\u00c9paississants alimentaires : types et caract\u00e9ristiques d\u2019utilisation\u00a0<\/strong><\/p>\n<p><em>Conf\u00e9renci\u00e8re:<\/em><\/p>\n<p><em><strong>Isabelle Germain Ph. D., M. Sc., Dt. P.<\/strong><\/em><\/p>\n<p><em>Objectifs:<\/em><\/p>\n<ul>\n<li><em><strong>Pr\u00e9senter certains \u00e9paississants alimentaires utilis\u00e9s en cuisine institutionnelle<\/strong><\/em><\/li>\n<li><em><strong>Pr\u00e9senter les limites d&#8217;utilisation de certains \u00e9paississants alimentaires<\/strong><\/em><\/li>\n<\/ul>\n","protected":false},"excerpt":{"rendered":"<p>Mardi le 23\u00a0f\u00e9vrier 2021 &#8211; 12h00 \u00c9paississants alimentaires : types et caract\u00e9ristiques d\u2019utilisation\u00a0 Conf\u00e9renci\u00e8re: Isabelle Germain Ph. D., M. Sc., Dt. P. Objectifs: Pr\u00e9senter certains \u00e9paississants alimentaires utilis\u00e9s en cuisine&#8230;<\/p>\n","protected":false},"featured_media":8630,"comment_status":"closed","ping_status":"closed","template":"","meta":{"_acf_changed":false},"product_cat":[35,26],"product_tag":[],"class_list":{"0":"post-8631","1":"product","2":"type-product","3":"status-publish","4":"has-post-thumbnail","6":"product_cat-free","7":"product_cat-webinaire-en","9":"first","10":"instock","11":"downloadable","12":"shipping-taxable","13":"purchasable","14":"product-type-simple"},"acf":[],"_links":{"self":[{"href":"https:\/\/apned.info\/en\/wp-json\/wp\/v2\/product\/8631","targetHints":{"allow":["GET"]}}],"collection":[{"href":"https:\/\/apned.info\/en\/wp-json\/wp\/v2\/product"}],"about":[{"href":"https:\/\/apned.info\/en\/wp-json\/wp\/v2\/types\/product"}],"replies":[{"embeddable":true,"href":"https:\/\/apned.info\/en\/wp-json\/wp\/v2\/comments?post=8631"}],"wp:featuredmedia":[{"embeddable":true,"href":"https:\/\/apned.info\/en\/wp-json\/wp\/v2\/media\/8630"}],"wp:attachment":[{"href":"https:\/\/apned.info\/en\/wp-json\/wp\/v2\/media?parent=8631"}],"wp:term":[{"taxonomy":"product_cat","embeddable":true,"href":"https:\/\/apned.info\/en\/wp-json\/wp\/v2\/product_cat?post=8631"},{"taxonomy":"product_tag","embeddable":true,"href":"https:\/\/apned.info\/en\/wp-json\/wp\/v2\/product_tag?post=8631"}],"curies":[{"name":"wp","href":"https:\/\/api.w.org\/{rel}","templated":true}]}}